{"id":5,"date":"2020-05-28T10:45:11","date_gmt":"2020-05-28T10:45:11","guid":{"rendered":"https:\/\/jussike.eu\/?page_id=5"},"modified":"2020-08-03T15:10:52","modified_gmt":"2020-08-03T12:10:52","slug":"avaleht","status":"publish","type":"page","link":"https:\/\/jussike.eu\/et\/","title":{"rendered":"Avaleht"},"content":{"rendered":"","protected":false},"excerpt":{"rendered":"","protected":false},"author":1,"featured_media":0,"parent":0,"menu_order":0,"comment_status":"closed","ping_status":"closed","template":"template-avaleht.php","meta":{"_acf_changed":false,"footnotes":""},"class_list":["post-5","page","type-page","status-publish","hentry"],"acf":[],"yoast_head":"<!-- This site is optimized with the Yoast SEO plugin v27.3 - https:\/\/yoast.com\/product\/yoast-seo-wordpress\/ -->\n<title>Akustilised lahendused, kipsseinad, ripplaed | Jussike OY<\/title>\n<meta name=\"description\" content=\"Akustilised lahendused v\u00e4hendavad h\u00e4irivat taustam\u00fcra. Jussike OY tegeleb akustiliste plaatide, ripplagede ja kipsseinte paigalduse ning materjali m\u00fc\u00fcgiga.\" \/>\n<meta name=\"robots\" content=\"index, follow, max-snippet:-1, max-image-preview:large, max-video-preview:-1\" \/>\n<link rel=\"canonical\" href=\"https:\/\/jussike.eu\/et\/\" \/>\n<meta property=\"og:locale\" content=\"et_EE\" \/>\n<meta property=\"og:type\" content=\"article\" \/>\n<meta property=\"og:title\" content=\"Akustilised lahendused, kipsseinad, ripplaed | Jussike OY\" \/>\n<meta property=\"og:description\" content=\"Akustilised lahendused v\u00e4hendavad h\u00e4irivat taustam\u00fcra. Jussike OY tegeleb akustiliste plaatide, ripplagede ja kipsseinte paigalduse ning materjali m\u00fc\u00fcgiga.\" \/>\n<meta property=\"og:url\" content=\"https:\/\/jussike.eu\/et\/\" \/>\n<meta property=\"og:site_name\" content=\"Jussike\" \/>\n<meta property=\"article:modified_time\" content=\"2020-08-03T12:10:52+00:00\" \/>\n<meta name=\"twitter:card\" content=\"summary_large_image\" \/>\n<script type=\"application\/ld+json\" class=\"yoast-schema-graph\">{\"@context\":\"https:\\\/\\\/schema.org\",\"@graph\":[{\"@type\":\"WebPage\",\"@id\":\"https:\\\/\\\/jussike.eu\\\/et\\\/\",\"url\":\"https:\\\/\\\/jussike.eu\\\/et\\\/\",\"name\":\"Akustilised lahendused, kipsseinad, ripplaed | Jussike OY\",\"isPartOf\":{\"@id\":\"https:\\\/\\\/jussike.eu\\\/#website\"},\"datePublished\":\"2020-05-28T10:45:11+00:00\",\"dateModified\":\"2020-08-03T12:10:52+00:00\",\"description\":\"Akustilised lahendused v\u00e4hendavad h\u00e4irivat taustam\u00fcra. Jussike OY tegeleb akustiliste plaatide, ripplagede ja kipsseinte paigalduse ning materjali m\u00fc\u00fcgiga.\",\"breadcrumb\":{\"@id\":\"https:\\\/\\\/jussike.eu\\\/et\\\/#breadcrumb\"},\"inLanguage\":\"et\",\"potentialAction\":[{\"@type\":\"ReadAction\",\"target\":[\"https:\\\/\\\/jussike.eu\\\/et\\\/\"]}]},{\"@type\":\"BreadcrumbList\",\"@id\":\"https:\\\/\\\/jussike.eu\\\/et\\\/#breadcrumb\",\"itemListElement\":[{\"@type\":\"ListItem\",\"position\":1,\"name\":\"Home\",\"item\":\"https:\\\/\\\/jussike.eu\\\/et\\\/\"},{\"@type\":\"ListItem\",\"position\":2,\"name\":\"Avaleht\"}]},{\"@type\":\"WebSite\",\"@id\":\"https:\\\/\\\/jussike.eu\\\/#website\",\"url\":\"https:\\\/\\\/jussike.eu\\\/\",\"name\":\"Jussike\",\"description\":\"\",\"potentialAction\":[{\"@type\":\"SearchAction\",\"target\":{\"@type\":\"EntryPoint\",\"urlTemplate\":\"https:\\\/\\\/jussike.eu\\\/?s={search_term_string}\"},\"query-input\":{\"@type\":\"PropertyValueSpecification\",\"valueRequired\":true,\"valueName\":\"search_term_string\"}}],\"inLanguage\":\"et\"}]}<\/script>\n<!-- \/ Yoast SEO plugin. -->","yoast_head_json":{"title":"Akustilised lahendused, kipsseinad, ripplaed | Jussike OY","description":"Akustilised lahendused v\u00e4hendavad h\u00e4irivat taustam\u00fcra. Jussike OY tegeleb akustiliste plaatide, ripplagede ja kipsseinte paigalduse ning materjali m\u00fc\u00fcgiga.","robots":{"index":"index","follow":"follow","max-snippet":"max-snippet:-1","max-image-preview":"max-image-preview:large","max-video-preview":"max-video-preview:-1"},"canonical":"https:\/\/jussike.eu\/et\/","og_locale":"et_EE","og_type":"article","og_title":"Akustilised lahendused, kipsseinad, ripplaed | Jussike OY","og_description":"Akustilised lahendused v\u00e4hendavad h\u00e4irivat taustam\u00fcra. Jussike OY tegeleb akustiliste plaatide, ripplagede ja kipsseinte paigalduse ning materjali m\u00fc\u00fcgiga.","og_url":"https:\/\/jussike.eu\/et\/","og_site_name":"Jussike","article_modified_time":"2020-08-03T12:10:52+00:00","twitter_card":"summary_large_image","schema":{"@context":"https:\/\/schema.org","@graph":[{"@type":"WebPage","@id":"https:\/\/jussike.eu\/et\/","url":"https:\/\/jussike.eu\/et\/","name":"Akustilised lahendused, kipsseinad, ripplaed | Jussike OY","isPartOf":{"@id":"https:\/\/jussike.eu\/#website"},"datePublished":"2020-05-28T10:45:11+00:00","dateModified":"2020-08-03T12:10:52+00:00","description":"Akustilised lahendused v\u00e4hendavad h\u00e4irivat taustam\u00fcra. Jussike OY tegeleb akustiliste plaatide, ripplagede ja kipsseinte paigalduse ning materjali m\u00fc\u00fcgiga.","breadcrumb":{"@id":"https:\/\/jussike.eu\/et\/#breadcrumb"},"inLanguage":"et","potentialAction":[{"@type":"ReadAction","target":["https:\/\/jussike.eu\/et\/"]}]},{"@type":"BreadcrumbList","@id":"https:\/\/jussike.eu\/et\/#breadcrumb","itemListElement":[{"@type":"ListItem","position":1,"name":"Home","item":"https:\/\/jussike.eu\/et\/"},{"@type":"ListItem","position":2,"name":"Avaleht"}]},{"@type":"WebSite","@id":"https:\/\/jussike.eu\/#website","url":"https:\/\/jussike.eu\/","name":"Jussike","description":"","potentialAction":[{"@type":"SearchAction","target":{"@type":"EntryPoint","urlTemplate":"https:\/\/jussike.eu\/?s={search_term_string}"},"query-input":{"@type":"PropertyValueSpecification","valueRequired":true,"valueName":"search_term_string"}}],"inLanguage":"et"}]}},"_links":{"self":[{"href":"https:\/\/jussike.eu\/et\/wp-json\/wp\/v2\/pages\/5","targetHints":{"allow":["GET"]}}],"collection":[{"href":"https:\/\/jussike.eu\/et\/wp-json\/wp\/v2\/pages"}],"about":[{"href":"https:\/\/jussike.eu\/et\/wp-json\/wp\/v2\/types\/page"}],"author":[{"embeddable":true,"href":"https:\/\/jussike.eu\/et\/wp-json\/wp\/v2\/users\/1"}],"replies":[{"embeddable":true,"href":"https:\/\/jussike.eu\/et\/wp-json\/wp\/v2\/comments?post=5"}],"version-history":[{"count":4,"href":"https:\/\/jussike.eu\/et\/wp-json\/wp\/v2\/pages\/5\/revisions"}],"predecessor-version":[{"id":784,"href":"https:\/\/jussike.eu\/et\/wp-json\/wp\/v2\/pages\/5\/revisions\/784"}],"wp:attachment":[{"href":"https:\/\/jussike.eu\/et\/wp-json\/wp\/v2\/media?parent=5"}],"curies":[{"name":"wp","href":"https:\/\/api.w.org\/{rel}","templated":true}]}}